{"id":10463,"date":"2023-03-01T09:22:03","date_gmt":"2023-03-01T15:22:03","guid":{"rendered":"https:\/\/web2.upnfm.edu.hn\/face\/?page_id=10463"},"modified":"2023-03-01T09:42:56","modified_gmt":"2023-03-01T15:42:56","slug":"docentes-administracion-y-gestion-de-la-educacion","status":"publish","type":"page","link":"https:\/\/web2.upnfm.edu.hn\/face\/?page_id=10463","title":{"rendered":"Docentes Administraci\u00f3n y Gesti\u00f3n de la Educaci\u00f3n"},"content":{"rendered":"\t\t<div data-elementor-type=\"wp-page\" data-elementor-id=\"10463\" class=\"elementor elementor-10463\">\n\t\t\t\t\t\t\t\t\t<section class=\"elementor-section elementor-top-section elementor-element elementor-element-4e0a3f70 elementor-section-boxed elementor-section-height-default elementor-section-height-default\" data-id=\"4e0a3f70\" data-element_type=\"section\">\n\t\t\t\t\t\t<div class=\"elementor-container elementor-column-gap-default\">\n\t\t\t\t\t<div class=\"elementor-column elementor-col-100 elementor-top-column elementor-element elementor-element-dad0753\" data-id=\"dad0753\" data-element_type=\"column\">\n\t\t\t<div class=\"elementor-widget-wrap elementor-element-populated\">\n\t\t\t\t\t\t\t\t<div class=\"elementor-element elementor-element-6e6a769e elementor-arrows-position-inside elementor-pagination-position-outside elementor-widget elementor-widget-image-carousel\" data-id=\"6e6a769e\" data-element_type=\"widget\" data-settings=\"{&quot;slides_to_show&quot;:&quot;5&quot;,&quot;navigation&quot;:&quot;both&quot;,&quot;autoplay&quot;:&quot;yes&quot;,&quot;pause_on_hover&quot;:&quot;yes&quot;,&quot;pause_on_interaction&quot;:&quot;yes&quot;,&quot;autoplay_speed&quot;:5000,&quot;infinite&quot;:&quot;yes&quot;,&quot;speed&quot;:500}\" data-widget_type=\"image-carousel.default\">\n\t\t\t\t<div class=\"elementor-widget-container\">\n\t\t\t<style>\/*! elementor - v3.6.7 - 03-07-2022 *\/\n.elementor-widget-image-carousel .swiper-container{position:static}.elementor-widget-image-carousel .swiper-container .swiper-slide figure{line-height:inherit}.elementor-widget-image-carousel .swiper-slide{text-align:center}.elementor-image-carousel-wrapper:not(.swiper-container-initialized) .swiper-slide{max-width:calc(100% \/ var(--e-image-carousel-slides-to-show, 3))}<\/style>\t\t<div class=\"elementor-image-carousel-wrapper swiper-container\" dir=\"ltr\">\n\t\t\t<div class=\"elementor-image-carousel swiper-wrapper\">\n\t\t\t\t\t\t\t\t<div class=\"swiper-slide\"><figure class=\"swiper-slide-inner\"><img decoding=\"async\" class=\"swiper-slide-image\" src=\"https:\/\/web2.upnfm.edu.hn\/face\/wp-content\/uploads\/2022\/10\/M.Sc_.-Nancy-Reyes.jpeg\" alt=\"\" \/><\/figure><\/div><div class=\"swiper-slide\"><figure class=\"swiper-slide-inner\"><img decoding=\"async\" class=\"swiper-slide-image\" src=\"https:\/\/web2.upnfm.edu.hn\/face\/wp-content\/uploads\/2022\/10\/Lic.-Lourdes.jpeg\" alt=\"\" \/><\/figure><\/div><div class=\"swiper-slide\"><figure class=\"swiper-slide-inner\"><img decoding=\"async\" class=\"swiper-slide-image\" src=\"https:\/\/web2.upnfm.edu.hn\/face\/wp-content\/uploads\/2022\/10\/M.Ed_.-Luz-Maria-Carcamo.jpeg\" alt=\"\" \/><\/figure><\/div><div class=\"swiper-slide\"><figure class=\"swiper-slide-inner\"><img decoding=\"async\" class=\"swiper-slide-image\" src=\"https:\/\/web2.upnfm.edu.hn\/face\/wp-content\/uploads\/2022\/10\/M.Sc-Diosana-Quijano.jpeg\" alt=\"\" \/><\/figure><\/div><div class=\"swiper-slide\"><figure class=\"swiper-slide-inner\"><img decoding=\"async\" class=\"swiper-slide-image\" src=\"https:\/\/web2.upnfm.edu.hn\/face\/wp-content\/uploads\/2022\/10\/Lic.-Mercedes-Gomez.jpeg\" alt=\"\" \/><\/figure><\/div><div class=\"swiper-slide\"><figure class=\"swiper-slide-inner\"><img decoding=\"async\" class=\"swiper-slide-image\" src=\"https:\/\/web2.upnfm.edu.hn\/face\/wp-content\/uploads\/2022\/10\/M.Sc_.-Roxana-Argueta.jpeg\" alt=\"\" \/><\/figure><\/div><div class=\"swiper-slide\"><figure class=\"swiper-slide-inner\"><img decoding=\"async\" class=\"swiper-slide-image\" src=\"https:\/\/web2.upnfm.edu.hn\/face\/wp-content\/uploads\/2022\/10\/M.Sc-Tania-Euceda.jpeg\" alt=\"\" \/><\/figure><\/div><div class=\"swiper-slide\"><figure class=\"swiper-slide-inner\"><img decoding=\"async\" class=\"swiper-slide-image\" src=\"https:\/\/web2.upnfm.edu.hn\/face\/wp-content\/uploads\/2022\/10\/M.Sc_.-Iria-Reyes.jpeg\" alt=\"\" \/><\/figure><\/div>\t\t\t<\/div>\n\t\t\t\t\t\t\t\t\t\t\t\t<div class=\"swiper-pagination\"><\/div>\n\t\t\t\t\t\t\t\t\t\t\t\t\t<div class=\"elementor-swiper-button elementor-swiper-button-prev\">\n\t\t\t\t\t\t<i aria-hidden=\"true\" class=\"eicon-chevron-left\"><\/i>\t\t\t\t\t\t<span class=\"elementor-screen-only\">Previous<\/span>\n\t\t\t\t\t<\/div>\n\t\t\t\t\t<div class=\"elementor-swiper-button elementor-swiper-button-next\">\n\t\t\t\t\t\t<i aria-hidden=\"true\" class=\"eicon-chevron-right\"><\/i>\t\t\t\t\t\t<span class=\"elementor-screen-only\">Next<\/span>\n\t\t\t\t\t<\/div>\n\t\t\t\t\t\t\t\t\t<\/div>\n\t\t\t\t<\/div>\n\t\t\t\t<\/div>\n\t\t\t\t\t<\/div>\n\t\t<\/div>\n\t\t\t\t\t\t\t<\/div>\n\t\t<\/section>\n\t\t\t\t<section class=\"elementor-section elementor-top-section elementor-element elementor-element-40db44f3 elementor-section-full_width elementor-section-height-default elementor-section-height-default\" data-id=\"40db44f3\" data-element_type=\"section\">\n\t\t\t\t\t\t<div class=\"elementor-container elementor-column-gap-no\">\n\t\t\t\t\t<div class=\"elementor-column elementor-col-100 elementor-top-column elementor-element elementor-element-7a20f631\" data-id=\"7a20f631\" data-element_type=\"column\">\n\t\t\t<div class=\"elementor-widget-wrap elementor-element-populated\">\n\t\t\t\t\t\t\t\t<div class=\"elementor-element elementor-element-3ec3f687 elementor-widget elementor-widget-text-editor\" data-id=\"3ec3f687\" data-element_type=\"widget\" data-widget_type=\"text-editor.default\">\n\t\t\t\t<div class=\"elementor-widget-container\">\n\t\t\t<style>\/*! elementor - v3.6.7 - 03-07-2022 *\/\n.elementor-widget-text-editor.elementor-drop-cap-view-stacked .elementor-drop-cap{background-color:#818a91;color:#fff}.elementor-widget-text-editor.elementor-drop-cap-view-framed .elementor-drop-cap{color:#818a91;border:3px solid;background-color:transparent}.elementor-widget-text-editor:not(.elementor-drop-cap-view-default) .elementor-drop-cap{margin-top:8px}.elementor-widget-text-editor:not(.elementor-drop-cap-view-default) .elementor-drop-cap-letter{width:1em;height:1em}.elementor-widget-text-editor .elementor-drop-cap{float:left;text-align:center;line-height:1;font-size:50px}.elementor-widget-text-editor .elementor-drop-cap-letter{display:inline-block}<\/style>\t\t\t\t<section id=\"header_upnfm\" class=\"elementor-section elementor-top-section elementor-element elementor-element-55bfc76 elementor-section-full_width elementor-section-height-default elementor-section-height-default\" data-id=\"55bfc76\" data-element_type=\"section\" data-settings=\"{&quot;background_background&quot;:&quot;classic&quot;}\"><div class=\"elementor-upnfm_container elementor-column-gap-no\"><div class=\"elementor-column elementor-col-100 elementor-top-column elementor-element elementor-element-7348504\" data-id=\"7348504\" data-element_type=\"column\"><div class=\"elementor-widget-wrap elementor-element-populated\"><div class=\"elementor-element elementor-element-441a671 align-left elementor-widget elementor-widget-ansol-page-header\" data-id=\"441a671\" data-element_type=\"widget\" data-widget_type=\"ansol-page-header.default\"><div class=\"elementor-widget-upnfm_container\"><div class=\"upnfm_el-page-header\"><div class=\"overlay\">\u00a0<\/div><div class=\"upnfm_el-page-header-shape\" style=\"background-image: url('https:\/\/web2.upnfm.edu.hn\/face\/wp-content\/uploads\/2023\/02\/page-header-shape.png');\">\u00a0<\/div><div class=\"upnfm_container\"><div class=\"el-page-content\"><h2 class=\"title\">Docentes Administraci\u00f3n y Gesti\u00f3n de la Educaci\u00f3n<\/h2><p><!-- <\/p>\n<p>The high technical competence combined with profound knowledge of the IT market<br \/>                                            offers our partners security and makes us strong.<\/p>\n<p> --><\/p><\/div><\/div><\/div><\/div><\/div><\/div><\/div><\/div><\/section>\t\t\t\t\t\t<\/div>\n\t\t\t\t<\/div>\n\t\t\t\t\t<\/div>\n\t\t<\/div>\n\t\t\t\t\t\t\t<\/div>\n\t\t<\/section>\n\t\t\t\t<section class=\"elementor-section elementor-top-section elementor-element elementor-element-a712a08 elementor-section-boxed elementor-section-height-default elementor-section-height-default\" data-id=\"a712a08\" data-element_type=\"section\">\n\t\t\t\t\t\t<div class=\"elementor-container elementor-column-gap-default\">\n\t\t\t\t\t<div class=\"elementor-column elementor-col-100 elementor-top-column elementor-element elementor-element-f6b85a9\" data-id=\"f6b85a9\" data-element_type=\"column\">\n\t\t\t<div class=\"elementor-widget-wrap elementor-element-populated\">\n\t\t\t\t\t\t\t\t<div class=\"elementor-element elementor-element-c50e3c6 elementor-widget elementor-widget-spacer\" data-id=\"c50e3c6\" data-element_type=\"widget\" data-widget_type=\"spacer.default\">\n\t\t\t\t<div class=\"elementor-widget-container\">\n\t\t\t<style>\/*! elementor - v3.6.7 - 03-07-2022 *\/\n.e-container.e-container--row .elementor-spacer-inner{width:var(--spacer-size)}.e-container.e-container--column .elementor-spacer-inner,.elementor-column .elementor-spacer-inner{height:var(--spacer-size)}<\/style>\t\t<div class=\"elementor-spacer\">\n\t\t\t<div class=\"elementor-spacer-inner\"><\/div>\n\t\t<\/div>\n\t\t\t\t<\/div>\n\t\t\t\t<\/div>\n\t\t\t\t\t<\/div>\n\t\t<\/div>\n\t\t\t\t\t\t\t<\/div>\n\t\t<\/section>\n\t\t\t\t<section class=\"elementor-section elementor-top-section elementor-element elementor-element-25149258 elementor-section-boxed elementor-section-height-default elementor-section-height-default\" data-id=\"25149258\" data-element_type=\"section\">\n\t\t\t\t\t\t<div class=\"elementor-container elementor-column-gap-default\">\n\t\t\t\t\t<div class=\"elementor-column elementor-col-100 elementor-top-column elementor-element elementor-element-656dded6\" data-id=\"656dded6\" data-element_type=\"column\">\n\t\t\t<div class=\"elementor-widget-wrap elementor-element-populated\">\n\t\t\t\t\t\t\t\t<div class=\"elementor-element elementor-element-7726b1ba elementor-arrows-position-inside elementor-pagination-position-outside elementor-widget elementor-widget-image-carousel\" data-id=\"7726b1ba\" data-element_type=\"widget\" data-settings=\"{&quot;slides_to_show&quot;:&quot;3&quot;,&quot;navigation&quot;:&quot;both&quot;,&quot;autoplay&quot;:&quot;yes&quot;,&quot;pause_on_hover&quot;:&quot;yes&quot;,&quot;pause_on_interaction&quot;:&quot;yes&quot;,&quot;autoplay_speed&quot;:5000,&quot;infinite&quot;:&quot;yes&quot;,&quot;speed&quot;:500}\" data-widget_type=\"image-carousel.default\">\n\t\t\t\t<div class=\"elementor-widget-container\">\n\t\t\t\t\t<div class=\"elementor-image-carousel-wrapper swiper-container\" dir=\"ltr\">\n\t\t\t<div class=\"elementor-image-carousel swiper-wrapper\">\n\t\t\t\t\t\t\t\t<div class=\"swiper-slide\"><figure class=\"swiper-slide-inner\"><img decoding=\"async\" class=\"swiper-slide-image\" src=\"https:\/\/web2.upnfm.edu.hn\/face\/wp-content\/uploads\/2023\/03\/Dr.-German-Ignacio-Alonzo-Carias-264x300.jpg\" alt=\"Dr. German Ignacio Alonzo Carias\" \/><figcaption class=\"elementor-image-carousel-caption\">Dr. German Ignacio Alonzo Carias<\/figcaption><\/figure><\/div><div class=\"swiper-slide\"><figure class=\"swiper-slide-inner\"><img decoding=\"async\" class=\"swiper-slide-image\" src=\"https:\/\/web2.upnfm.edu.hn\/face\/wp-content\/uploads\/2023\/03\/Dr.-Jose-Hernan-Montufar-Chinchilla-264x300.jpg\" alt=\"Dr. Jos\u00e9 Hernan Montufar Chinchilla\" \/><figcaption class=\"elementor-image-carousel-caption\">Dr. Jos\u00e9 Hernan Montufar Chinchilla<\/figcaption><\/figure><\/div><div class=\"swiper-slide\"><figure class=\"swiper-slide-inner\"><img decoding=\"async\" class=\"swiper-slide-image\" src=\"https:\/\/web2.upnfm.edu.hn\/face\/wp-content\/uploads\/2023\/03\/Dr.-Rogers-Daniel-Soleno-264x300.jpg\" alt=\"Dr. Rogers Daniel Soleno\" \/><figcaption class=\"elementor-image-carousel-caption\">Dr. Rogers Daniel Soleno<\/figcaption><\/figure><\/div><div class=\"swiper-slide\"><figure class=\"swiper-slide-inner\"><img decoding=\"async\" class=\"swiper-slide-image\" src=\"https:\/\/web2.upnfm.edu.hn\/face\/wp-content\/uploads\/2023\/03\/MSc-Evelyn-Yaneth-Lopez-Andrade-264x300.jpg\" alt=\"MSc Evelyn Yaneth L\u00f3pez Andrade\" \/><figcaption class=\"elementor-image-carousel-caption\">MSc Evelyn Yaneth L\u00f3pez Andrade<\/figcaption><\/figure><\/div><div class=\"swiper-slide\"><figure class=\"swiper-slide-inner\"><img decoding=\"async\" class=\"swiper-slide-image\" src=\"https:\/\/web2.upnfm.edu.hn\/face\/wp-content\/uploads\/2023\/03\/MSc-DORIS-MARIA-SIERRA.jpg\" alt=\"MSc DORIS MARIA SIERRA\" \/><figcaption class=\"elementor-image-carousel-caption\">MSc DORIS MARIA SIERRA<\/figcaption><\/figure><\/div><div class=\"swiper-slide\"><figure class=\"swiper-slide-inner\"><img decoding=\"async\" class=\"swiper-slide-image\" src=\"https:\/\/web2.upnfm.edu.hn\/face\/wp-content\/uploads\/2023\/03\/MSc-BYRON-MERAZ-264x300.jpg\" alt=\"MSc BYRON MERAZ\" \/><figcaption class=\"elementor-image-carousel-caption\">MSc BYRON MERAZ<\/figcaption><\/figure><\/div><div class=\"swiper-slide\"><figure class=\"swiper-slide-inner\"><img decoding=\"async\" class=\"swiper-slide-image\" src=\"https:\/\/web2.upnfm.edu.hn\/face\/wp-content\/uploads\/2023\/03\/MSc-MARIA-VICTORIA-TALAVERA-WILLIAMS-264x300.jpg\" alt=\"MSc MARIA VICTORIA TALAVERA WILLIAMS\" \/><figcaption class=\"elementor-image-carousel-caption\">MSc MARIA VICTORIA TALAVERA WILLIAMS<\/figcaption><\/figure><\/div><div class=\"swiper-slide\"><figure class=\"swiper-slide-inner\"><img decoding=\"async\" class=\"swiper-slide-image\" src=\"https:\/\/web2.upnfm.edu.hn\/face\/wp-content\/uploads\/2023\/03\/MSc-FANNY-JASMIN-OSORTO-COLINDREZ-264x300.jpg\" alt=\"MSc FANNY JASMIN OSORTO COLINDREZ\" \/><figcaption class=\"elementor-image-carousel-caption\">MSc FANNY JASMIN OSORTO COLINDREZ<\/figcaption><\/figure><\/div><div class=\"swiper-slide\"><figure class=\"swiper-slide-inner\"><img decoding=\"async\" class=\"swiper-slide-image\" src=\"https:\/\/web2.upnfm.edu.hn\/face\/wp-content\/uploads\/2023\/03\/MSc.-FRANCISCA-SARA-PADILLA-264x300.jpg\" alt=\"MSc. FRANCISCA SARA PADILLA\" \/><figcaption class=\"elementor-image-carousel-caption\">MSc. FRANCISCA SARA PADILLA<\/figcaption><\/figure><\/div><div class=\"swiper-slide\"><figure class=\"swiper-slide-inner\"><img decoding=\"async\" class=\"swiper-slide-image\" src=\"https:\/\/web2.upnfm.edu.hn\/face\/wp-content\/uploads\/2023\/03\/MSc-DAISY-ALEJANDRA-HERRERA-MARTINEZ-264x300.jpg\" alt=\"MSc DAISY ALEJANDRA HERRERA MARTINEZ\" \/><figcaption class=\"elementor-image-carousel-caption\">MSc DAISY ALEJANDRA HERRERA MARTINEZ<\/figcaption><\/figure><\/div><div class=\"swiper-slide\"><figure class=\"swiper-slide-inner\"><img decoding=\"async\" class=\"swiper-slide-image\" src=\"https:\/\/web2.upnfm.edu.hn\/face\/wp-content\/uploads\/2023\/03\/PROF.-MARTA-EUGENIA-ALVAREZ-264x300.jpg\" alt=\"PROF. MARTA EUGENIA ALVAREZ\" \/><figcaption class=\"elementor-image-carousel-caption\">PROF. MARTA EUGENIA ALVAREZ<\/figcaption><\/figure><\/div><div class=\"swiper-slide\"><figure class=\"swiper-slide-inner\"><img decoding=\"async\" class=\"swiper-slide-image\" src=\"https:\/\/web2.upnfm.edu.hn\/face\/wp-content\/uploads\/2023\/03\/Dra.-ELSA-MILENA-SANCHEZ-MARINO-264x300.jpg\" alt=\"Dra. ELSA MILENA SANCHEZ MARI\u00d1O\" \/><figcaption class=\"elementor-image-carousel-caption\">Dra. ELSA MILENA SANCHEZ MARI\u00d1O<\/figcaption><\/figure><\/div><div class=\"swiper-slide\"><figure class=\"swiper-slide-inner\"><img decoding=\"async\" class=\"swiper-slide-image\" src=\"https:\/\/web2.upnfm.edu.hn\/face\/wp-content\/uploads\/2023\/03\/Dra.-Judith-Susana-Morel-264x300.jpg\" alt=\"Dra. Judith Susana Morel\" \/><figcaption class=\"elementor-image-carousel-caption\">Dra. Judith Susana Morel<\/figcaption><\/figure><\/div><div class=\"swiper-slide\"><figure class=\"swiper-slide-inner\"><img decoding=\"async\" class=\"swiper-slide-image\" src=\"https:\/\/web2.upnfm.edu.hn\/face\/wp-content\/uploads\/2023\/03\/Prof.-MARISSA-DEL-CARMEN-RAUDALES-264x300.jpg\" alt=\"Prof. MARISSA DEL CARMEN RAUDALES\" \/><figcaption class=\"elementor-image-carousel-caption\">Prof. MARISSA DEL CARMEN RAUDALES<\/figcaption><\/figure><\/div>\t\t\t<\/div>\n\t\t\t\t\t\t\t\t\t\t\t\t<div class=\"swiper-pagination\"><\/div>\n\t\t\t\t\t\t\t\t\t\t\t\t\t<div class=\"elementor-swiper-button elementor-swiper-button-prev\">\n\t\t\t\t\t\t<i aria-hidden=\"true\" class=\"eicon-chevron-left\"><\/i>\t\t\t\t\t\t<span class=\"elementor-screen-only\">Previous<\/span>\n\t\t\t\t\t<\/div>\n\t\t\t\t\t<div class=\"elementor-swiper-button elementor-swiper-button-next\">\n\t\t\t\t\t\t<i aria-hidden=\"true\" class=\"eicon-chevron-right\"><\/i>\t\t\t\t\t\t<span class=\"elementor-screen-only\">Next<\/span>\n\t\t\t\t\t<\/div>\n\t\t\t\t\t\t\t\t\t<\/div>\n\t\t\t\t<\/div>\n\t\t\t\t<\/div>\n\t\t\t\t\t<\/div>\n\t\t<\/div>\n\t\t\t\t\t\t\t<\/div>\n\t\t<\/section>\n\t\t\t\t\t\t\t<\/div>\n\t\t","protected":false},"excerpt":{"rendered":"<p>Previous Next \u00a0\u00a0 Docentes Administraci\u00f3n y Gesti\u00f3n de la Educaci\u00f3n Dr. German Ignacio Alonzo Carias Dr. Jos\u00e9 Hernan Montufar Chinchilla Dr. Rogers Daniel Soleno MSc Evelyn Yaneth L\u00f3pez Andrade MSc DORIS MARIA SIERRA MSc BYRON MERAZ MSc MARIA VICTORIA TALAVERA WILLIAMS MSc FANNY JASMIN OSORTO COLINDREZ MSc. FRANCISCA SARA PADILLA MSc DAISY ALEJANDRA HERRERA MARTINEZ [&hellip;]<\/p>\n","protected":false},"author":1,"featured_media":0,"parent":0,"menu_order":0,"comment_status":"closed","ping_status":"closed","template":"","meta":{"footnotes":""},"class_list":["post-10463","page","type-page","status-publish","hentry"],"_links":{"self":[{"href":"https:\/\/web2.upnfm.edu.hn\/face\/index.php?rest_route=\/wp\/v2\/pages\/10463","targetHints":{"allow":["GET"]}}],"collection":[{"href":"https:\/\/web2.upnfm.edu.hn\/face\/index.php?rest_route=\/wp\/v2\/pages"}],"about":[{"href":"https:\/\/web2.upnfm.edu.hn\/face\/index.php?rest_route=\/wp\/v2\/types\/page"}],"author":[{"embeddable":true,"href":"https:\/\/web2.upnfm.edu.hn\/face\/index.php?rest_route=\/wp\/v2\/users\/1"}],"replies":[{"embeddable":true,"href":"https:\/\/web2.upnfm.edu.hn\/face\/index.php?rest_route=%2Fwp%2Fv2%2Fcomments&post=10463"}],"version-history":[{"count":0,"href":"https:\/\/web2.upnfm.edu.hn\/face\/index.php?rest_route=\/wp\/v2\/pages\/10463\/revisions"}],"wp:attachment":[{"href":"https:\/\/web2.upnfm.edu.hn\/face\/index.php?rest_route=%2Fwp%2Fv2%2Fmedia&parent=10463"}],"curies":[{"name":"wp","href":"https:\/\/api.w.org\/{rel}","templated":true}]}}