{"id":5965,"date":"2022-07-22T22:14:25","date_gmt":"2022-07-22T20:14:25","guid":{"rendered":"http:\/\/localhost\/?page_id=5965"},"modified":"2023-02-14T13:06:19","modified_gmt":"2023-02-14T19:06:19","slug":"quienes-somos","status":"publish","type":"page","link":"https:\/\/web2.upnfm.edu.hn\/face\/?page_id=5965","title":{"rendered":"QUI\u00c9NES SOMOS"},"content":{"rendered":"\t\t<div data-elementor-type=\"wp-page\" data-elementor-id=\"5965\" class=\"elementor elementor-5965\">\n\t\t\t\t\t\t\t\t\t<section class=\"elementor-section elementor-top-section elementor-element elementor-element-23b25e0 elementor-section-boxed elementor-section-height-default elementor-section-height-default\" data-id=\"23b25e0\" data-element_type=\"section\">\n\t\t\t\t\t\t<div class=\"elementor-container elementor-column-gap-default\">\n\t\t\t\t\t<div class=\"elementor-column elementor-col-100 elementor-top-column elementor-element elementor-element-d2f97d3\" data-id=\"d2f97d3\" data-element_type=\"column\">\n\t\t\t<div class=\"elementor-widget-wrap\">\n\t\t\t\t\t\t\t\t\t<\/div>\n\t\t<\/div>\n\t\t\t\t\t\t\t<\/div>\n\t\t<\/section>\n\t\t\t\t<section class=\"elementor-section elementor-top-section elementor-element elementor-element-0054894 elementor-section-boxed elementor-section-height-default elementor-section-height-default\" data-id=\"0054894\" data-element_type=\"section\">\n\t\t\t\t\t\t<div class=\"elementor-container elementor-column-gap-default\">\n\t\t\t\t\t<div class=\"elementor-column elementor-col-100 elementor-top-column elementor-element elementor-element-ccce459\" data-id=\"ccce459\" data-element_type=\"column\">\n\t\t\t<div class=\"elementor-widget-wrap elementor-element-populated\">\n\t\t\t\t\t\t\t\t<div class=\"elementor-element elementor-element-d0245df elementor-widget elementor-widget-text-editor\" data-id=\"d0245df\" data-element_type=\"widget\" data-widget_type=\"text-editor.default\">\n\t\t\t\t<div class=\"elementor-widget-container\">\n\t\t\t<style>\/*! elementor - v3.6.7 - 03-07-2022 *\/\n.elementor-widget-text-editor.elementor-drop-cap-view-stacked .elementor-drop-cap{background-color:#818a91;color:#fff}.elementor-widget-text-editor.elementor-drop-cap-view-framed .elementor-drop-cap{color:#818a91;border:3px solid;background-color:transparent}.elementor-widget-text-editor:not(.elementor-drop-cap-view-default) .elementor-drop-cap{margin-top:8px}.elementor-widget-text-editor:not(.elementor-drop-cap-view-default) .elementor-drop-cap-letter{width:1em;height:1em}.elementor-widget-text-editor .elementor-drop-cap{float:left;text-align:center;line-height:1;font-size:50px}.elementor-widget-text-editor .elementor-drop-cap-letter{display:inline-block}<\/style>\t\t\t\t<p>.<\/p>\t\t\t\t\t\t<\/div>\n\t\t\t\t<\/div>\n\t\t\t\t\t<\/div>\n\t\t<\/div>\n\t\t\t\t\t\t\t<\/div>\n\t\t<\/section>\n\t\t\t\t<section class=\"elementor-section elementor-top-section elementor-element elementor-element-3b3bedf8 elementor-section-full_width elementor-section-height-default elementor-section-height-default\" data-id=\"3b3bedf8\" data-element_type=\"section\">\n\t\t\t\t\t\t<div class=\"elementor-container elementor-column-gap-no\">\n\t\t\t\t\t<div class=\"elementor-column elementor-col-100 elementor-top-column elementor-element elementor-element-52c9b92\" data-id=\"52c9b92\" data-element_type=\"column\">\n\t\t\t<div class=\"elementor-widget-wrap elementor-element-populated\">\n\t\t\t\t\t\t\t\t<div class=\"elementor-element elementor-element-047bc09 elementor-widget elementor-widget-text-editor\" data-id=\"047bc09\" data-element_type=\"widget\" data-widget_type=\"text-editor.default\">\n\t\t\t\t<div class=\"elementor-widget-container\">\n\t\t\t\t\t\t\t<section id=\"header_upnfm\"\n        class=\"elementor-section elementor-top-section elementor-element elementor-element-55bfc76 elementor-section-full_width elementor-section-height-default elementor-section-height-default\"\n        data-id=\"55bfc76\" data-element_type=\"section\"\n        data-settings=\"{&quot;background_background&quot;:&quot;classic&quot;}\">\n        <div class=\"elementor-upnfm_container elementor-column-gap-no\">\n            <div class=\"elementor-column elementor-col-100 elementor-top-column elementor-element elementor-element-7348504\"\n                data-id=\"7348504\" data-element_type=\"column\">\n                <div class=\"elementor-widget-wrap elementor-element-populated\">\n                    <div class=\"elementor-element elementor-element-441a671 align-left elementor-widget elementor-widget-ansol-page-header\"\n                        data-id=\"441a671\" data-element_type=\"widget\" data-widget_type=\"ansol-page-header.default\">\n                        <div class=\"elementor-widget-upnfm_container\">\n                            <div class=\"upnfm_el-page-header\">\n                                <div class=\"overlay\"><\/div>\n                                <div class=\"upnfm_el-page-header-shape\"\n                                    style=\"background-image: url(https:\/\/web2.upnfm.edu.hn\/face\/wp-content\/uploads\/2023\/02\/page-header-shape.png)\">\n                                <\/div>\n                                <div class=\"upnfm_container\">\n                                    <div class=\"el-page-content\">                                        \n                                        <h2 class=\"title\">Qui\u00e9nes Somos<\/h2>\n                                        <!-- <p>The high technical competence combined with profound knowledge of the IT market\n                                            offers our partners security and makes us strong.<\/p> -->\n                                    <\/div>                                   \n                                <\/div>\n                            <\/div>\n                        <\/div>\n                    <\/div>\n                <\/div>\n            <\/div>\n        <\/div>\n    <\/section>\t\t\t\t\t\t<\/div>\n\t\t\t\t<\/div>\n\t\t\t\t\t<\/div>\n\t\t<\/div>\n\t\t\t\t\t\t\t<\/div>\n\t\t<\/section>\n\t\t\t\t<section class=\"elementor-section elementor-top-section elementor-element elementor-element-54e95290 elementor-section-boxed elementor-section-height-default elementor-section-height-default\" data-id=\"54e95290\" data-element_type=\"section\">\n\t\t\t\t\t\t<div class=\"elementor-container elementor-column-gap-default\">\n\t\t\t\t\t<div class=\"elementor-column elementor-col-100 elementor-top-column elementor-element elementor-element-3e224a42\" data-id=\"3e224a42\" data-element_type=\"column\">\n\t\t\t<div class=\"elementor-widget-wrap elementor-element-populated\">\n\t\t\t\t\t\t\t\t<div class=\"elementor-element elementor-element-2428e1b0 elementor-widget__width-initial elementor-widget-tablet__width-inherit elementor-widget elementor-widget-text-editor\" data-id=\"2428e1b0\" data-element_type=\"widget\" data-widget_type=\"text-editor.default\">\n\t\t\t\t<div class=\"elementor-widget-container\">\n\t\t\t\t\t\t\t<div id=\"titulodosis\" class=\"elementor-widget-container\">\n<div class=\"title-section-area\">\n<h2 class=\"section-title\"><span>Nuestro<\/span> equipo de profesionales<\/h2>\n<\/div>\n<\/div>\t\t\t\t\t\t<\/div>\n\t\t\t\t<\/div>\n\t\t\t\t\t<\/div>\n\t\t<\/div>\n\t\t\t\t\t\t\t<\/div>\n\t\t<\/section>\n\t\t\t\t<section class=\"elementor-section elementor-top-section elementor-element elementor-element-48dc0531 elementor-section-boxed elementor-section-height-default elementor-section-height-default\" data-id=\"48dc0531\" data-element_type=\"section\">\n\t\t\t\t\t\t<div class=\"elementor-container elementor-column-gap-default\">\n\t\t\t\t\t<div class=\"elementor-column elementor-col-100 elementor-top-column elementor-element elementor-element-2d7529eb\" data-id=\"2d7529eb\" data-element_type=\"column\">\n\t\t\t<div class=\"elementor-widget-wrap elementor-element-populated\">\n\t\t\t\t\t\t\t\t<div class=\"elementor-element elementor-element-649fd52c socials-official-idle socials-official-hover elementor-widget elementor-widget-wgl-team\" data-id=\"649fd52c\" data-element_type=\"widget\" data-widget_type=\"wgl-team.default\">\n\t\t\t\t<div class=\"elementor-widget-container\">\n\t\t\t<div class=\"wgl_module_team team-col_3 a\"><div class=\"team-items_wrap\"><div class=\"wgl-carousel_wrapper\"><div id=bighearts_carousel_69fed714bf011 class=\"wgl-carousel pagination_circle pag_align_center\"><div class=\"wgl-carousel_slick\" data-slick='{\"slidesToShow\":3,\"slidesToScroll\":1,\"infinite\":true,\"variableWidth\":false,\"autoplay\":true,\"autoplaySpeed\":\"3000\",\"speed\":300,\"centerMode\":true,\"centerPadding\":\"0px\",\"arrows\":true,\"dots\":true,\"adaptiveHeight\":false,\"responsive\":[{\"breakpoint\":1170,\"settings\":{\"slidesToShow\":3,\"slidesToScroll\":1}},{\"breakpoint\":1025,\"settings\":{\"slidesToShow\":2,\"slidesToScroll\":1}},{\"breakpoint\":768,\"settings\":{\"slidesToShow\":1,\"slidesToScroll\":1}}]}'><div class=\"team-item\"><div class=\"team-item_wrap\"><div class=\"team__media-wrapper\"><div class=\"team__image-wrapper\"><div class=\"team__image\"><img decoding=\"async\" src=\"https:\/\/web2.upnfm.edu.hn\/face\/wp-content\/uploads\/2023\/01\/Vicedecana-FACE-720x780.jpeg\" alt=\"\" \/><\/div><\/div><\/div><div class=\"team-item_info\"><h2 class=\"team-title\">MSc. Nancy Suyapa Reyes Rodr\u00edguez<\/h2><div class=\"team-item_meta\"><div class=\"team-department\">Vicedecana Facultad de Ciencias de la Educaci\u00f3n<\/div><\/div><\/div><\/div><\/div><div class=\"team-item\"><div class=\"team-item_wrap\"><div class=\"team__media-wrapper\"><div class=\"team__image-wrapper\"><div class=\"team__image\"><img decoding=\"async\" src=\"https:\/\/web2.upnfm.edu.hn\/face\/wp-content\/uploads\/2023\/01\/Jefa-Orientacion-y-Consejeria-Educativa-720x780.jpeg\" alt=\"\" \/><\/div><\/div><\/div><div class=\"team-item_info\"><h2 class=\"team-title\">MSc. Yeny Carina \u00c1vila Padilla<\/h2><div class=\"team-item_meta\"><div class=\"team-department\">Jefa Departamento de Orientaci\u00f3n y Consejer\u00eda Educativa<\/div><\/div><\/div><\/div><\/div><div class=\"team-item\"><div class=\"team-item_wrap\"><div class=\"team__media-wrapper\"><div class=\"team__image-wrapper\"><div class=\"team__image\"><img decoding=\"async\" src=\"https:\/\/web2.upnfm.edu.hn\/face\/wp-content\/uploads\/2023\/01\/EVELYN-2023-720x780.png\" alt=\"\" \/><\/div><\/div><\/div><div class=\"team-item_info\"><h2 class=\"team-title\">MSc. Evelyn Yaneth L\u00f3pez Andrade<\/h2><div class=\"team-item_meta\"><div class=\"team-department\">Jefa Departamento de Administraci\u00f3n y Gesti\u00f3n de la Educaci\u00f3n<\/div><\/div><\/div><\/div><\/div><div class=\"team-item\"><div class=\"team-item_wrap\"><div class=\"team__media-wrapper\"><div class=\"team__image-wrapper\"><div class=\"team__image\"><img decoding=\"async\" src=\"https:\/\/web2.upnfm.edu.hn\/face\/wp-content\/uploads\/2023\/01\/Jefa-Educacion-Especial-720x780.jpeg\" alt=\"\" \/><\/div><\/div><\/div><div class=\"team-item_info\"><h2 class=\"team-title\">MSc. Jenny Xiomara Castro Garc\u00eda<\/h2><div class=\"team-item_meta\"><div class=\"team-department\">Jefa Departamento de Educaci\u00f3n Especial<\/div><\/div><\/div><\/div><\/div><div class=\"team-item\"><div class=\"team-item_wrap\"><div class=\"team__media-wrapper\"><div class=\"team__image-wrapper\"><div class=\"team__image\"><img decoding=\"async\" src=\"https:\/\/web2.upnfm.edu.hn\/face\/wp-content\/uploads\/2023\/01\/Jefa-Educacion-Basica-para-I-y-II-Ciclo-720x780.jpeg\" alt=\"\" \/><\/div><\/div><\/div><div class=\"team-item_info\"><h2 class=\"team-title\">MSc. Lilian Yolibeth Oyuela S\u00e1nchez<\/h2><div class=\"team-item_meta\"><div class=\"team-department\">Jefa Departamento de Educaci\u00f3n B\u00e1sica para I y II Ciclo<\/div><\/div><\/div><\/div><\/div><div class=\"team-item\"><div class=\"team-item_wrap\"><div class=\"team__media-wrapper\"><div class=\"team__image-wrapper\"><div class=\"team__image\"><img decoding=\"async\" src=\"https:\/\/web2.upnfm.edu.hn\/face\/wp-content\/uploads\/2023\/01\/Decana-FACE-720x780.jpeg\" alt=\"\" \/><\/div><\/div><\/div><div class=\"team-item_info\"><h2 class=\"team-title\">MSc. Clara Waldina Morales Soto<\/h2><div class=\"team-item_meta\"><div class=\"team-department\">Decana Facultad de Ciencias de la Educaci\u00f3n<\/div><\/div><\/div><\/div><\/div><\/div><\/div><\/div><\/div><\/div>\t\t<\/div>\n\t\t\t\t<\/div>\n\t\t\t\t\t<\/div>\n\t\t<\/div>\n\t\t\t\t\t\t\t<\/div>\n\t\t<\/section>\n\t\t\t\t\t\t\t<\/div>\n\t\t","protected":false},"excerpt":{"rendered":"<p>. Qui\u00e9nes Somos Nuestro equipo de profesionales MSc. Nancy Suyapa Reyes Rodr\u00edguez Vicedecana Facultad de Ciencias de la Educaci\u00f3n MSc. Yeny Carina \u00c1vila Padilla Jefa Departamento de Orientaci\u00f3n y Consejer\u00eda Educativa MSc. Evelyn Yaneth L\u00f3pez Andrade Jefa Departamento de Administraci\u00f3n y Gesti\u00f3n de la Educaci\u00f3n MSc. Jenny Xiomara Castro Garc\u00eda Jefa Departamento de Educaci\u00f3n Especial [&hellip;]<\/p>\n","protected":false},"author":1,"featured_media":0,"parent":0,"menu_order":0,"comment_status":"closed","ping_status":"closed","template":"","meta":{"footnotes":""},"class_list":["post-5965","page","type-page","status-publish","hentry"],"_links":{"self":[{"href":"https:\/\/web2.upnfm.edu.hn\/face\/index.php?rest_route=\/wp\/v2\/pages\/5965","targetHints":{"allow":["GET"]}}],"collection":[{"href":"https:\/\/web2.upnfm.edu.hn\/face\/index.php?rest_route=\/wp\/v2\/pages"}],"about":[{"href":"https:\/\/web2.upnfm.edu.hn\/face\/index.php?rest_route=\/wp\/v2\/types\/page"}],"author":[{"embeddable":true,"href":"https:\/\/web2.upnfm.edu.hn\/face\/index.php?rest_route=\/wp\/v2\/users\/1"}],"replies":[{"embeddable":true,"href":"https:\/\/web2.upnfm.edu.hn\/face\/index.php?rest_route=%2Fwp%2Fv2%2Fcomments&post=5965"}],"version-history":[{"count":0,"href":"https:\/\/web2.upnfm.edu.hn\/face\/index.php?rest_route=\/wp\/v2\/pages\/5965\/revisions"}],"wp:attachment":[{"href":"https:\/\/web2.upnfm.edu.hn\/face\/index.php?rest_route=%2Fwp%2Fv2%2Fmedia&parent=5965"}],"curies":[{"name":"wp","href":"https:\/\/api.w.org\/{rel}","templated":true}]}}