{"id":8608,"date":"2023-01-26T17:20:31","date_gmt":"2023-01-26T16:20:31","guid":{"rendered":"https:\/\/web2.upnfm.edu.hn\/face\/?page_id=8608"},"modified":"2023-02-15T15:37:18","modified_gmt":"2023-02-15T21:37:18","slug":"feria-de-filosofia","status":"publish","type":"page","link":"https:\/\/web2.upnfm.edu.hn\/face\/?page_id=8608","title":{"rendered":"FERIA DE FILOSOF\u00cdA"},"content":{"rendered":"\t\t<div data-elementor-type=\"wp-page\" data-elementor-id=\"8608\" class=\"elementor elementor-8608\">\n\t\t\t\t\t\t\t\t\t<section class=\"elementor-section elementor-top-section elementor-element elementor-element-4753100 elementor-section-boxed elementor-section-height-default elementor-section-height-default\" data-id=\"4753100\" data-element_type=\"section\">\n\t\t\t\t\t\t<div class=\"elementor-container elementor-column-gap-default\">\n\t\t\t\t\t<div class=\"elementor-column elementor-col-100 elementor-top-column elementor-element elementor-element-47d45ca\" data-id=\"47d45ca\" data-element_type=\"column\">\n\t\t\t<div class=\"elementor-widget-wrap elementor-element-populated\">\n\t\t\t\t\t\t\t\t<div class=\"elementor-element elementor-element-8af573f elementor-widget elementor-widget-heading\" data-id=\"8af573f\" data-element_type=\"widget\" data-widget_type=\"heading.default\">\n\t\t\t\t<div class=\"elementor-widget-container\">\n\t\t\t<style>\/*! elementor - v3.6.7 - 03-07-2022 *\/\n.elementor-heading-title{padding:0;margin:0;line-height:1}.elementor-widget-heading .elementor-heading-title[class*=elementor-size-]>a{color:inherit;font-size:inherit;line-height:inherit}.elementor-widget-heading .elementor-heading-title.elementor-size-small{font-size:15px}.elementor-widget-heading .elementor-heading-title.elementor-size-medium{font-size:19px}.elementor-widget-heading .elementor-heading-title.elementor-size-large{font-size:29px}.elementor-widget-heading .elementor-heading-title.elementor-size-xl{font-size:39px}.elementor-widget-heading .elementor-heading-title.elementor-size-xxl{font-size:59px}<\/style><h2 class=\"elementor-heading-title elementor-size-medium\">CELEBRAN FERIA DE FILOSOF\u00cdA: JULIO IZAGUIRRE<\/h2>\t\t<\/div>\n\t\t\t\t<\/div>\n\t\t\t\t\t<\/div>\n\t\t<\/div>\n\t\t\t\t\t\t\t<\/div>\n\t\t<\/section>\n\t\t\t\t<section class=\"elementor-section elementor-top-section elementor-element elementor-element-adc8ebb elementor-section-boxed elementor-section-height-default elementor-section-height-default\" data-id=\"adc8ebb\" data-element_type=\"section\">\n\t\t\t\t\t\t<div class=\"elementor-container elementor-column-gap-default\">\n\t\t\t\t\t<div class=\"elementor-column elementor-col-100 elementor-top-column elementor-element elementor-element-0fdd685\" data-id=\"0fdd685\" data-element_type=\"column\">\n\t\t\t<div class=\"elementor-widget-wrap elementor-element-populated\">\n\t\t\t\t\t\t\t\t<div class=\"elementor-element elementor-element-e75c6cf elementor-widget elementor-widget-text-editor\" data-id=\"e75c6cf\" data-element_type=\"widget\" data-widget_type=\"text-editor.default\">\n\t\t\t\t<div class=\"elementor-widget-container\">\n\t\t\t<style>\/*! elementor - v3.6.7 - 03-07-2022 *\/\n.elementor-widget-text-editor.elementor-drop-cap-view-stacked .elementor-drop-cap{background-color:#818a91;color:#fff}.elementor-widget-text-editor.elementor-drop-cap-view-framed .elementor-drop-cap{color:#818a91;border:3px solid;background-color:transparent}.elementor-widget-text-editor:not(.elementor-drop-cap-view-default) .elementor-drop-cap{margin-top:8px}.elementor-widget-text-editor:not(.elementor-drop-cap-view-default) .elementor-drop-cap-letter{width:1em;height:1em}.elementor-widget-text-editor .elementor-drop-cap{float:left;text-align:center;line-height:1;font-size:50px}.elementor-widget-text-editor .elementor-drop-cap-letter{display:inline-block}<\/style>\t\t\t\t\t\t\t\t\t\t<\/div>\n\t\t\t\t<\/div>\n\t\t\t\t\t<\/div>\n\t\t<\/div>\n\t\t\t\t\t\t\t<\/div>\n\t\t<\/section>\n\t\t\t\t<section class=\"elementor-section elementor-top-section elementor-element elementor-element-50c28e8 elementor-section-boxed elementor-section-height-default elementor-section-height-default\" data-id=\"50c28e8\" data-element_type=\"section\">\n\t\t\t\t\t\t<div class=\"elementor-container elementor-column-gap-default\">\n\t\t\t\t\t<div class=\"elementor-column elementor-col-100 elementor-top-column elementor-element elementor-element-130853c\" data-id=\"130853c\" data-element_type=\"column\">\n\t\t\t<div class=\"elementor-widget-wrap\">\n\t\t\t\t\t\t\t\t\t<\/div>\n\t\t<\/div>\n\t\t\t\t\t\t\t<\/div>\n\t\t<\/section>\n\t\t\t\t<section class=\"elementor-section elementor-top-section elementor-element elementor-element-315654b9 elementor-section-full_width elementor-section-height-default elementor-section-height-default\" data-id=\"315654b9\" data-element_type=\"section\">\n\t\t\t\t\t\t<div class=\"elementor-container elementor-column-gap-no\">\n\t\t\t\t\t<div class=\"elementor-column elementor-col-100 elementor-top-column elementor-element elementor-element-7c7711\" data-id=\"7c7711\" data-element_type=\"column\">\n\t\t\t<div class=\"elementor-widget-wrap elementor-element-populated\">\n\t\t\t\t\t\t\t\t<div class=\"elementor-element elementor-element-1e7e1d35 elementor-widget elementor-widget-text-editor\" data-id=\"1e7e1d35\" data-element_type=\"widget\" data-widget_type=\"text-editor.default\">\n\t\t\t\t<div class=\"elementor-widget-container\">\n\t\t\t\t\t\t\t<section id=\"header_upnfm\" class=\"elementor-section elementor-top-section elementor-element elementor-element-55bfc76 elementor-section-full_width elementor-section-height-default elementor-section-height-default\" data-id=\"55bfc76\" data-element_type=\"section\" data-settings=\"{&quot;background_background&quot;:&quot;classic&quot;}\"><div class=\"elementor-upnfm_container elementor-column-gap-no\"><div class=\"elementor-column elementor-col-100 elementor-top-column elementor-element elementor-element-7348504\" data-id=\"7348504\" data-element_type=\"column\"><div class=\"elementor-widget-wrap elementor-element-populated\"><div class=\"elementor-element elementor-element-441a671 align-left elementor-widget elementor-widget-ansol-page-header\" data-id=\"441a671\" data-element_type=\"widget\" data-widget_type=\"ansol-page-header.default\"><div class=\"elementor-widget-upnfm_container\"><div class=\"upnfm_el-page-header\"><div class=\"overlay\">\u00a0<\/div><div class=\"upnfm_el-page-header-shape\" style=\"background-image: url('https:\/\/web2.upnfm.edu.hn\/face\/wp-content\/uploads\/2023\/02\/page-header-shape.png');\">\u00a0<\/div><div class=\"upnfm_container\"><div class=\"el-page-content\"><h2 class=\"title\">Feria de Filosof\u00eda<\/h2><p><!-- <\/p>\n<p>The high technical competence combined with profound knowledge of the IT market<br \/>                                            offers our partners security and makes us strong.<\/p>\n<p> --><\/p><\/div><\/div><\/div><\/div><\/div><\/div><\/div><\/div><\/section>\t\t\t\t\t\t<\/div>\n\t\t\t\t<\/div>\n\t\t\t\t\t<\/div>\n\t\t<\/div>\n\t\t\t\t\t\t\t<\/div>\n\t\t<\/section>\n\t\t\t\t<section class=\"elementor-section elementor-top-section elementor-element elementor-element-d97d5b3 elementor-section-boxed elementor-section-height-default elementor-section-height-default\" data-id=\"d97d5b3\" data-element_type=\"section\">\n\t\t\t\t\t\t<div class=\"elementor-container elementor-column-gap-default\">\n\t\t\t\t\t<div class=\"elementor-column elementor-col-100 elementor-top-column elementor-element elementor-element-cdf2c78\" data-id=\"cdf2c78\" data-element_type=\"column\">\n\t\t\t<div class=\"elementor-widget-wrap elementor-element-populated\">\n\t\t\t\t\t\t\t\t<div class=\"elementor-element elementor-element-e31830c elementor-widget elementor-widget-text-editor\" data-id=\"e31830c\" data-element_type=\"widget\" data-widget_type=\"text-editor.default\">\n\t\t\t\t<div class=\"elementor-widget-container\">\n\t\t\t\t\t\t\t<div id=\"titulodosis\" class=\"elementor-widget-container\">\n<div class=\"title-section-area\">\n<h2 class=\"section-title\"><span>Feria de<\/span> filosof\u00eda Julio Izaguirre<\/h2>\n<\/div>\n<\/div>\t\t\t\t\t\t<\/div>\n\t\t\t\t<\/div>\n\t\t\t\t\t<\/div>\n\t\t<\/div>\n\t\t\t\t\t\t\t<\/div>\n\t\t<\/section>\n\t\t\t\t<section class=\"elementor-section elementor-top-section elementor-element elementor-element-2286f44a elementor-section-boxed elementor-section-height-default elementor-section-height-default\" data-id=\"2286f44a\" data-element_type=\"section\" data-settings=\"{&quot;background_background&quot;:&quot;classic&quot;}\">\n\t\t\t\t\t\t<div class=\"elementor-container elementor-column-gap-default\">\n\t\t\t\t\t<div class=\"elementor-column elementor-col-100 elementor-top-column elementor-element elementor-element-f3cdfb7\" data-id=\"f3cdfb7\" data-element_type=\"column\">\n\t\t\t<div class=\"elementor-widget-wrap elementor-element-populated\">\n\t\t\t\t\t\t\t\t<div class=\"elementor-element elementor-element-43dcae41 elementor-widget elementor-widget-spacer\" data-id=\"43dcae41\" data-element_type=\"widget\" data-widget_type=\"spacer.default\">\n\t\t\t\t<div class=\"elementor-widget-container\">\n\t\t\t<style>\/*! elementor - v3.6.7 - 03-07-2022 *\/\n.e-container.e-container--row .elementor-spacer-inner{width:var(--spacer-size)}.e-container.e-container--column .elementor-spacer-inner,.elementor-column .elementor-spacer-inner{height:var(--spacer-size)}<\/style>\t\t<div class=\"elementor-spacer\">\n\t\t\t<div class=\"elementor-spacer-inner\"><\/div>\n\t\t<\/div>\n\t\t\t\t<\/div>\n\t\t\t\t<\/div>\n\t\t\t\t<section class=\"elementor-section elementor-inner-section elementor-element elementor-element-7d63de6b elementor-section-boxed elementor-section-height-default elementor-section-height-default\" data-id=\"7d63de6b\" data-element_type=\"section\">\n\t\t\t\t\t\t<div class=\"elementor-container elementor-column-gap-default\">\n\t\t\t\t\t<div class=\"elementor-column elementor-col-100 elementor-inner-column elementor-element elementor-element-3361ec02\" data-id=\"3361ec02\" data-element_type=\"column\" data-settings=\"{&quot;background_background&quot;:&quot;classic&quot;}\">\n\t\t\t<div class=\"elementor-widget-wrap elementor-element-populated\">\n\t\t\t\t\t\t\t\t<div class=\"elementor-element elementor-element-4f5cfade elementor-widget elementor-widget-wgl-testimonials\" data-id=\"4f5cfade\" data-element_type=\"widget\" data-widget_type=\"wgl-testimonials.default\">\n\t\t\t\t<div class=\"elementor-widget-container\">\n\t\t\t<div  class=\"wgl-testimonials type-inline_bottom aleft slides_per_line-1   \"><div class=\"wgl-carousel_wrapper\"><div id=bighearts_carousel_69fb5eac8c26b class=\"wgl-carousel prev_next_pos_right\"><div class=\"wgl-carousel_slick\" data-slick='{\"slidesToShow\":1,\"slidesToScroll\":1,\"infinite\":true,\"variableWidth\":false,\"autoplay\":true,\"autoplaySpeed\":\"3000\",\"speed\":300,\"arrows\":true,\"dots\":false,\"adaptiveHeight\":false,\"responsive\":[{\"breakpoint\":0,\"settings\":{\"slidesToShow\":1,\"slidesToScroll\":1}},{\"breakpoint\":0,\"settings\":{\"slidesToShow\":1,\"slidesToScroll\":1}},{\"breakpoint\":0,\"settings\":{\"slidesToShow\":1,\"slidesToScroll\":1}}]}'><div class=\"wgl-testimonials-item_wrap\"><div class=\"wgl-testimonials_item\"><div class=\"content_wrap\"><div class=\"wgl-testimonials_quote\"><p>\u00a0<\/p><p style=\"text-align: left;\"><span style=\"vertical-align: inherit;\"><span style=\"vertical-align: inherit;\"><span style=\"vertical-align: inherit;\"><span style=\"vertical-align: inherit;\">En el marco del d\u00eda mundial de la Filosof\u00eda, docentes y estudiantes del departamento de Administraci\u00f3n, realizaron la feria: Julio Izaguirre, para destacar la importancia de esta disciplina.<\/span><\/span><\/span><\/span><\/p><p><span><span style=\"vertical-align: inherit;\"><span style=\"vertical-align: inherit;\"><span style=\"vertical-align: inherit;\"><span style=\"vertical-align: inherit;\">Seg\u00fan la UNESCO, la filosof\u00eda es una disciplina que estimula el pensamiento cr\u00edtico e independiente y es capaz de trabajar en aras de un mejor entendimiento del mundo, promoviendo la paz y la tolerancia.<\/span><\/span><\/span><\/span><\/span><\/p><div dir=\"auto\"><span><span style=\"vertical-align: inherit;\"><span style=\"vertical-align: inherit;\"><span style=\"vertical-align: inherit;\"><span style=\"vertical-align: inherit;\">El Departamento de Administraci\u00f3n y Gesti\u00f3n de la Educaci\u00f3n, de la Facultad de Ciencias de la Educaci\u00f3n (FACE) promueve diferentes actividades que permiten potenciar los espacios de Filosof\u00eda, Filosof\u00eda Educativa y \u00c9tica Profesional.<\/span><\/span><\/span><\/span><\/span><\/div><div dir=\"auto\">\u00a0<\/div><\/div><\/div><div class=\"meta_wrap\"><div class=\"name_wrap\"><h3 class=\"wgl-testimonials_name\"><\/h3><\/div><\/div><\/div><\/div><div class=\"wgl-testimonials-item_wrap\"><div class=\"wgl-testimonials_item\"><div class=\"content_wrap\"><div class=\"wgl-testimonials_quote\"><div class=\"x11i5rnm xat24cr x1mh8g0r x1vvkbs xtlvy1s x126k92a\"><div dir=\"auto\"><div class=\"x11i5rnm xat24cr x1mh8g0r x1vvkbs xtlvy1s x126k92a\"><div dir=\"auto\">\u00a0<\/div><div dir=\"auto\" style=\"text-align: left;\"><span style=\"vertical-align: inherit;\"><span style=\"vertical-align: inherit;\"><span style=\"vertical-align: inherit;\"><span style=\"vertical-align: inherit;\">Como es costumbre celebrar la Feria de la Filosof\u00eda en esta ocasi\u00f3n se desarrolla la quinta Edici\u00f3n, nombr\u00e1ndola: Julio Izaguirre, en honor al extinto profesor que desde sus espacios formativos de Filosof\u00eda y Filosof\u00eda Educativa, organizaba esta feria a\u00f1o con a\u00f1o dejando un legado en la academia.<\/span><\/span><\/span><\/span><\/div><div dir=\"auto\">\u00a0<\/div><\/div><\/div><\/div><div dir=\"auto\"><span><span style=\"vertical-align: inherit;\"><span style=\"vertical-align: inherit;\"><span style=\"vertical-align: inherit;\"><span style=\"vertical-align: inherit;\">Es as\u00ed como desde el 2017, la feria se realiza como un evento acad\u00e9mico que trasciende las aulas de la universidad y es desarrollada por los profesores que integran la Red de Filosof\u00eda.<\/span><\/span><\/span><\/span><\/span><\/div><div class=\"x11i5rnm xat24cr x1mh8g0r x1vvkbs xtlvy1s x126k92a\"><div dir=\"auto\">\u00a0<\/div><\/div><\/div><\/div><div class=\"meta_wrap\"><div class=\"name_wrap\"><h3 class=\"wgl-testimonials_name\"><\/h3><\/div><\/div><\/div><\/div><div class=\"wgl-testimonials-item_wrap\"><div class=\"wgl-testimonials_item\"><div class=\"content_wrap\"><div class=\"wgl-testimonials_quote\"><div class=\"x11i5rnm xat24cr x1mh8g0r x1vvkbs xtlvy1s x126k92a\"><div dir=\"auto\">\u00a0<\/div><div dir=\"auto\" style=\"text-align: left;\"><span style=\"vertical-align: inherit;\"><span style=\"vertical-align: inherit;\"><span style=\"vertical-align: inherit;\"><span style=\"vertical-align: inherit;\">En esta oportunidad el objetivo fue valorar los aportes de la filosof\u00eda en la formaci\u00f3n de los profesionales de la educaci\u00f3n, se desarroll\u00f3 una exposici\u00f3n de infograf\u00edas en el Lobby de la Biblioteca Central Juan Antonio Medina de la UPNFM, trabajos expuestos en un muro de padlet <\/span><\/span><\/span><a href=\"https:\/\/padlet.com\/asanchez156\/Bookmarks\"><span style=\"vertical-align: inherit;\"><span style=\"vertical-align: inherit;\"><span style=\"vertical-align: inherit;\">https:\/\/padlet.com\/asanchez156\/Bookmarks<\/span><\/span><\/span><\/a><span style=\"vertical-align: inherit;\"><span style=\"vertical-align: inherit;\"><span style=\"vertical-align: inherit;\"> y una conferencia magistral Los Imaginarios Filos\u00f3ficos\u00a0de la Educaci\u00f3n en Am\u00e9rica\u00a0Latina, dictada por el profesor Ignacio Alonzo, adem\u00e1s en cada uno de los centros regionales, se dise\u00f1aron murales alusivos a esta fecha.<\/span><\/span><\/span><\/span><a class=\"x1i10hfl xjbqb8w x6umtig x1b1mbwd xaqea5y xav7gou x9f619 x1ypdohk xt0psk2 xe8uvvx xdj266r x11i5rnm xat24cr x1mh8g0r xexx8yu x4uap5 x18d9i69 xkhd6sd x16tdsg8 x1hl2dhg xggy1nq x1a2a7pz xt0b8zv x1fey0fg\" href=\"https:\/\/padlet.com\/asanchez156\/Bookmarks?fbclid=IwAR1OiABJzJWTMhbGufoxEXNNxvw2hlWsa5MW2xOAk9fIyqR01VJUrqu0lb8\" rel=\"nofollow noopener\" target=\"_blank\" tabindex=\"0\">\u00a0<\/a><a href=\"https:\/\/padlet.com\/asanchez156\/Bookmarks\"><\/a><\/div><\/div><\/div><\/div><div class=\"meta_wrap\"><div class=\"name_wrap\"><h3 class=\"wgl-testimonials_name\"><\/h3><\/div><\/div><\/div><\/div><\/div><\/div><\/div><\/div>\t\t<\/div>\n\t\t\t\t<\/div>\n\t\t\t\t\t<\/div>\n\t\t<\/div>\n\t\t\t\t\t\t\t<\/div>\n\t\t<\/section>\n\t\t\t\t\t<\/div>\n\t\t<\/div>\n\t\t\t\t\t\t\t<\/div>\n\t\t<\/section>\n\t\t\t\t\t\t\t<\/div>\n\t\t","protected":false},"excerpt":{"rendered":"<p>CELEBRAN FERIA DE FILOSOF\u00cdA: JULIO IZAGUIRRE \u00a0\u00a0 Feria de Filosof\u00eda Feria de filosof\u00eda Julio Izaguirre \u00a0 En el marco del d\u00eda mundial de la Filosof\u00eda, docentes y estudiantes del departamento de Administraci\u00f3n, realizaron la feria: Julio Izaguirre, para destacar la importancia de esta disciplina. Seg\u00fan la UNESCO, la filosof\u00eda es una disciplina que estimula el [&hellip;]<\/p>\n","protected":false},"author":1,"featured_media":0,"parent":0,"menu_order":0,"comment_status":"closed","ping_status":"closed","template":"","meta":{"footnotes":""},"class_list":["post-8608","page","type-page","status-publish","hentry"],"_links":{"self":[{"href":"https:\/\/web2.upnfm.edu.hn\/face\/index.php?rest_route=\/wp\/v2\/pages\/8608","targetHints":{"allow":["GET"]}}],"collection":[{"href":"https:\/\/web2.upnfm.edu.hn\/face\/index.php?rest_route=\/wp\/v2\/pages"}],"about":[{"href":"https:\/\/web2.upnfm.edu.hn\/face\/index.php?rest_route=\/wp\/v2\/types\/page"}],"author":[{"embeddable":true,"href":"https:\/\/web2.upnfm.edu.hn\/face\/index.php?rest_route=\/wp\/v2\/users\/1"}],"replies":[{"embeddable":true,"href":"https:\/\/web2.upnfm.edu.hn\/face\/index.php?rest_route=%2Fwp%2Fv2%2Fcomments&post=8608"}],"version-history":[{"count":0,"href":"https:\/\/web2.upnfm.edu.hn\/face\/index.php?rest_route=\/wp\/v2\/pages\/8608\/revisions"}],"wp:attachment":[{"href":"https:\/\/web2.upnfm.edu.hn\/face\/index.php?rest_route=%2Fwp%2Fv2%2Fmedia&parent=8608"}],"curies":[{"name":"wp","href":"https:\/\/api.w.org\/{rel}","templated":true}]}}